{"id":105,"date":"2020-01-28T06:11:02","date_gmt":"2020-01-28T06:11:02","guid":{"rendered":"http:\/\/ttc-rieseberg-scheppau.de\/?page_id=105"},"modified":"2023-08-25T05:25:12","modified_gmt":"2023-08-25T05:25:12","slug":"foerderkreis","status":"publish","type":"page","link":"http:\/\/ttc-rieseberg-scheppau.de\/?page_id=105","title":{"rendered":"F\u00f6rderkreis"},"content":{"rendered":"<p>Am 01.07.2009 wurde der F\u00f6rderkreis des TTC Rieseberg &#8211; Scheppau gegr\u00fcndet. Diese Interessengemeinschaft hat sich zum Ziel gesetzt den Fussball, vornehmlich den Jugendfussball, zu f\u00f6rdern und zu unterst\u00fctzen,\u00a0um langfristig attraktiven Fu\u00dfball auf unserem Sportplatz anbieten zu k\u00f6nnen. Der F\u00f6rderkreis besteht aus dem Vorsitzenden, dem Kassenwart und zwei Beisitzern.\u00a0Dieses Gremium entscheidet \u00fcber die Bewilligung von Zusch\u00fcssen auf Antrag. Vorgesehen sind Zusch\u00fcsse f\u00fcr<\/p>\n<ul>\n<li>F\u00f6rderung der Jugendarbeit<\/li>\n<li>F\u00f6rderung des leistungsbezogenen Erwachsenenbereichs (Damen und Herren)<\/li>\n<li>F\u00f6rderung von Gemeinschaftsveranstaltungen und Fahrten<\/li>\n<li>allgemeine Unterst\u00fctzung wie z.B. Sportausr\u00fcstungen, auch f\u00fcr andere Sparten des Vereins<\/li>\n<li>F\u00f6rderung von Schiedsrichtern<\/li>\n<li>Zusammenarbeit mit Sponsoren<\/li>\n<\/ul>\n<p>Das aktuelle Gremium setzt sich wie folgt zusammen:<\/p>\n<ul>\n<li>Joachim &#8222;Jockel&#8220; W\u00e4rmer (Vorsitzender)<\/li>\n<li>Carsten &#8222;Gerry&#8220; Gehrmann\n<ul>\n<li style=\"text-align: left;\">0151-14298979<\/li>\n<li><span style=\"color: #3366ff;\">c.gehrmann@t-online.de<\/span><\/li>\n<\/ul>\n<\/li>\n<li>Chris Eckart (Beisitzer)<\/li>\n<\/ul>\n<p>\u00dcber weitere F\u00f6rderer w\u00fcrde sich der F\u00f6rderkreis freuen.\u00a0 Bei Fragen scheut euch nicht uns anzusprechen.<\/p>\n<p>anbei die Richtlinien und Beitrittserkl\u00e4rung :<\/p>\n<p><a href=\"http:\/\/ttc-rieseberg-scheppau.de\/wp-content\/uploads\/2023\/08\/Beitrittserklaerung_FK_TTC.doc\">Beitrittserkl\u00e4rung_FK_TTC<\/a><\/p>\n<p><a href=\"http:\/\/ttc-rieseberg-scheppau.de\/wp-content\/uploads\/2023\/08\/Richtlinien_FK_TTC-1.doc\">Richtlinien_FK_TTC (1)<\/a><\/p>\n<p>&nbsp;<\/p>\n<div class=\"pvc_clear\"><\/div>\n<p id=\"pvc_stats_105\" class=\"pvc_stats all  \" data-element-id=\"105\" style=\"\"><i class=\"pvc-stats-icon medium\" aria-hidden=\"true\"><svg aria-hidden=\"true\" focusable=\"false\" data-prefix=\"far\" data-icon=\"chart-bar\" role=\"img\" xmlns=\"http:\/\/www.w3.org\/2000\/svg\" viewBox=\"0 0 512 512\" class=\"svg-inline--fa fa-chart-bar fa-w-16 fa-2x\"><path fill=\"currentColor\" d=\"M396.8 352h22.4c6.4 0 12.8-6.4 12.8-12.8V108.8c0-6.4-6.4-12.8-12.8-12.8h-22.4c-6.4 0-12.8 6.4-12.8 12.8v230.4c0 6.4 6.4 12.8 12.8 12.8zm-192 0h22.4c6.4 0 12.8-6.4 12.8-12.8V140.8c0-6.4-6.4-12.8-12.8-12.8h-22.4c-6.4 0-12.8 6.4-12.8 12.8v198.4c0 6.4 6.4 12.8 12.8 12.8zm96 0h22.4c6.4 0 12.8-6.4 12.8-12.8V204.8c0-6.4-6.4-12.8-12.8-12.8h-22.4c-6.4 0-12.8 6.4-12.8 12.8v134.4c0 6.4 6.4 12.8 12.8 12.8zM496 400H48V80c0-8.84-7.16-16-16-16H16C7.16 64 0 71.16 0 80v336c0 17.67 14.33 32 32 32h464c8.84 0 16-7.16 16-16v-16c0-8.84-7.16-16-16-16zm-387.2-48h22.4c6.4 0 12.8-6.4 12.8-12.8v-70.4c0-6.4-6.4-12.8-12.8-12.8h-22.4c-6.4 0-12.8 6.4-12.8 12.8v70.4c0 6.4 6.4 12.8 12.8 12.8z\" class=\"\"><\/path><\/svg><\/i> <img loading=\"lazy\" decoding=\"async\" width=\"16\" height=\"16\" alt=\"Loading\" src=\"http:\/\/ttc-rieseberg-scheppau.de\/wp-content\/plugins\/page-views-count\/ajax-loader-2x.gif\" border=0 \/><\/p>\n<div class=\"pvc_clear\"><\/div>\n","protected":false},"excerpt":{"rendered":"<p>Am 01.07.2009 wurde der F\u00f6rderkreis des TTC Rieseberg &#8211; Scheppau gegr\u00fcndet. Diese Interessengemeinschaft hat sich zum Ziel gesetzt den Fussball, vornehmlich den Jugendfussball, zu f\u00f6rdern und zu unterst\u00fctzen,\u00a0um langfristig attraktiven Fu\u00dfball auf unserem Sportplatz anbieten zu k\u00f6nnen. Der F\u00f6rderkreis besteht aus dem Vorsitzenden, dem Kassenwart und zwei Beisitzern.\u00a0Dieses Gremium entscheidet \u00fcber die Bewilligung von Zusch\u00fcssen [&hellip;]<\/p>\n<div class=\"pvc_clear\"><\/div>\n<p id=\"pvc_stats_105\" class=\"pvc_stats all  \" data-element-id=\"105\" style=\"\"><i class=\"pvc-stats-icon medium\" aria-hidden=\"true\"><svg aria-hidden=\"true\" focusable=\"false\" data-prefix=\"far\" data-icon=\"chart-bar\" role=\"img\" xmlns=\"http:\/\/www.w3.org\/2000\/svg\" viewBox=\"0 0 512 512\" class=\"svg-inline--fa fa-chart-bar fa-w-16 fa-2x\"><path fill=\"currentColor\" d=\"M396.8 352h22.4c6.4 0 12.8-6.4 12.8-12.8V108.8c0-6.4-6.4-12.8-12.8-12.8h-22.4c-6.4 0-12.8 6.4-12.8 12.8v230.4c0 6.4 6.4 12.8 12.8 12.8zm-192 0h22.4c6.4 0 12.8-6.4 12.8-12.8V140.8c0-6.4-6.4-12.8-12.8-12.8h-22.4c-6.4 0-12.8 6.4-12.8 12.8v198.4c0 6.4 6.4 12.8 12.8 12.8zm96 0h22.4c6.4 0 12.8-6.4 12.8-12.8V204.8c0-6.4-6.4-12.8-12.8-12.8h-22.4c-6.4 0-12.8 6.4-12.8 12.8v134.4c0 6.4 6.4 12.8 12.8 12.8zM496 400H48V80c0-8.84-7.16-16-16-16H16C7.16 64 0 71.16 0 80v336c0 17.67 14.33 32 32 32h464c8.84 0 16-7.16 16-16v-16c0-8.84-7.16-16-16-16zm-387.2-48h22.4c6.4 0 12.8-6.4 12.8-12.8v-70.4c0-6.4-6.4-12.8-12.8-12.8h-22.4c-6.4 0-12.8 6.4-12.8 12.8v70.4c0 6.4 6.4 12.8 12.8 12.8z\" class=\"\"><\/path><\/svg><\/i> <img loading=\"lazy\" decoding=\"async\" width=\"16\" height=\"16\" alt=\"Loading\" src=\"http:\/\/ttc-rieseberg-scheppau.de\/wp-content\/plugins\/page-views-count\/ajax-loader-2x.gif\" border=0 \/><\/p>\n<div class=\"pvc_clear\"><\/div>\n","protected":false},"author":1,"featured_media":0,"parent":0,"menu_order":0,"comment_status":"closed","ping_status":"closed","template":"","meta":{"footnotes":""},"class_list":["post-105","page","type-page","status-publish","hentry"],"_links":{"self":[{"href":"http:\/\/ttc-rieseberg-scheppau.de\/index.php?rest_route=\/wp\/v2\/pages\/105","targetHints":{"allow":["GET"]}}],"collection":[{"href":"http:\/\/ttc-rieseberg-scheppau.de\/index.php?rest_route=\/wp\/v2\/pages"}],"about":[{"href":"http:\/\/ttc-rieseberg-scheppau.de\/index.php?rest_route=\/wp\/v2\/types\/page"}],"author":[{"embeddable":true,"href":"http:\/\/ttc-rieseberg-scheppau.de\/index.php?rest_route=\/wp\/v2\/users\/1"}],"replies":[{"embeddable":true,"href":"http:\/\/ttc-rieseberg-scheppau.de\/index.php?rest_route=%2Fwp%2Fv2%2Fcomments&post=105"}],"version-history":[{"count":10,"href":"http:\/\/ttc-rieseberg-scheppau.de\/index.php?rest_route=\/wp\/v2\/pages\/105\/revisions"}],"predecessor-version":[{"id":806,"href":"http:\/\/ttc-rieseberg-scheppau.de\/index.php?rest_route=\/wp\/v2\/pages\/105\/revisions\/806"}],"wp:attachment":[{"href":"http:\/\/ttc-rieseberg-scheppau.de\/index.php?rest_route=%2Fwp%2Fv2%2Fmedia&parent=105"}],"curies":[{"name":"wp","href":"https:\/\/api.w.org\/{rel}","templated":true}]}}