{"id":110,"date":"2020-01-28T06:11:59","date_gmt":"2020-01-28T06:11:59","guid":{"rendered":"http:\/\/ttc-rieseberg-scheppau.de\/?page_id=110"},"modified":"2026-03-25T11:55:42","modified_gmt":"2026-03-25T11:55:42","slug":"fussball-herren","status":"publish","type":"page","link":"http:\/\/ttc-rieseberg-scheppau.de\/?page_id=110","title":{"rendered":"Fussball Herren"},"content":{"rendered":"\r\n<figure class=\"wp-block-image size-full is-resized is-style-rounded\"><img loading=\"lazy\" decoding=\"async\" class=\"alignnone wp-image-1001 \" src=\"http:\/\/ttc-rieseberg-scheppau.de\/wp-content\/uploads\/2026\/01\/Mannschaftsfoto-Saison-2526-e1768288173808.jpg\" alt=\"\" width=\"711\" height=\"317\" srcset=\"http:\/\/ttc-rieseberg-scheppau.de\/wp-content\/uploads\/2026\/01\/Mannschaftsfoto-Saison-2526-e1768288173808.jpg 1502w, http:\/\/ttc-rieseberg-scheppau.de\/wp-content\/uploads\/2026\/01\/Mannschaftsfoto-Saison-2526-e1768288173808-300x134.jpg 300w, http:\/\/ttc-rieseberg-scheppau.de\/wp-content\/uploads\/2026\/01\/Mannschaftsfoto-Saison-2526-e1768288173808-1024x457.jpg 1024w, http:\/\/ttc-rieseberg-scheppau.de\/wp-content\/uploads\/2026\/01\/Mannschaftsfoto-Saison-2526-e1768288173808-768x343.jpg 768w, http:\/\/ttc-rieseberg-scheppau.de\/wp-content\/uploads\/2026\/01\/Mannschaftsfoto-Saison-2526-e1768288173808-2x1.jpg 2w\" sizes=\"auto, (max-width: 711px) 100vw, 711px\" \/><\/figure>\r\n\r\n<blockquote>\r\n<h1><span style=\"color: #0000ff;\"><strong>Mann f\u00fcr Mann &#8211; Sundern voran !!!<\/strong><\/span><\/h1>\r\n<\/blockquote>\r\n<p>\u00a0Zusammen mit den befreundeten Nachbarvereinen des SV Glentorf und des SV Boimstorf besteht eine Spielgemeinschaft im Herrenfussball, die <strong>SG Sundern<\/strong>.\u00a0Die Namensgebungen beruht auf dem Waldst\u00fcck &#8222;Su<span class=\"text_exposed_show\">ndern&#8220;, welches zwischen den D\u00f6rfern liegt.<\/span><\/p>\r\n<p>Die SG Sundern ist eine reine Herrenspielgemeinschaft. Seit der Saison 2019\/2020 haben wir es wieder geschafft eine zweite Herrenmannschaft melden zu k\u00f6nnen. Zahlreiche Neuzug\u00e4nge aus der A-Jugend und\u00a0 der bereits gro\u00dfe Kader lie\u00dfen dies zu. So haben wir f\u00fcr beide Mannschaften einen optimalen Kader und jeder kommt auf seine Einsatzzeiten.<\/p>\r\n<hr \/>\r\n<p><strong><span style=\"color: #0000ff;\">25.03.2026: Werbung in eigener Sache<\/span><\/strong><\/p>\r\n<p><img loading=\"lazy\" decoding=\"async\" class=\"alignnone  wp-image-1019\" src=\"http:\/\/ttc-rieseberg-scheppau.de\/wp-content\/uploads\/2026\/03\/Flyer-SG-Sundern-Verstaerkung.png\" alt=\"\" width=\"589\" height=\"589\" srcset=\"http:\/\/ttc-rieseberg-scheppau.de\/wp-content\/uploads\/2026\/03\/Flyer-SG-Sundern-Verstaerkung.png 811w, http:\/\/ttc-rieseberg-scheppau.de\/wp-content\/uploads\/2026\/03\/Flyer-SG-Sundern-Verstaerkung-300x300.png 300w, http:\/\/ttc-rieseberg-scheppau.de\/wp-content\/uploads\/2026\/03\/Flyer-SG-Sundern-Verstaerkung-150x150.png 150w, http:\/\/ttc-rieseberg-scheppau.de\/wp-content\/uploads\/2026\/03\/Flyer-SG-Sundern-Verstaerkung-768x768.png 768w, http:\/\/ttc-rieseberg-scheppau.de\/wp-content\/uploads\/2026\/03\/Flyer-SG-Sundern-Verstaerkung-1x1.png 1w\" sizes=\"auto, (max-width: 589px) 100vw, 589px\" \/><\/p>\r\n<p><span style=\"color: #0000ff;\"><strong>06.08.2024 &#8211; Saison 24\/25 mit einigen neuen Gesichtern<\/strong><\/span><\/p>\r\n<p>Ein Blick zur\u00fcck in die abgelaufene Saison 23\/24:<br \/>Die Saison war sportlich sehr erfolgreich. Man konnte die Spielzeit mit 30 Punkten und dem 7. Tabellenplatz abschlie\u00dfen. Nicht nur, das man die ganze Saison \u00fcber nichts mit dem Abstieg so wirklich zu tun hatte, viel mehr konnte man mit dieser Platzierung auch das beste Kreisligateam des Stadtgebiets stellen. Ein Erfolg auf dem die Stammvereine aber auch die Verantwortlichen sehr stolz sind. Leider gab es auch ein wenig Turbulenzen zum Ende der Hinserie. Unser Trainer Fabian D\u00f6hrmann hat Ende Oktober \/Anfang November sein Amt zur Verf\u00fcgung gestellt. Ruben M\u00fcller, seines Zeichen noch Co-Trainer r\u00fcckte auf und lenkte die R\u00fcckrunde die Geschicke des Teams. Im Laufe der R\u00fcckrunde und nach einigen Gespr\u00e4chen suchte allerdings auch Ruben einen neuen Weg und verlie\u00df die SGS am Ende der Spielzeit. Auf diesem Wege auch nochmal Herzlichen Dank und alles Gute f\u00fcr deine weiteren sportlichen Ziele als Trainer.<\/p>\r\n<p>Unsere 2. Mannschaft belegte in der 2. Kreisklasse Nord einen sicheren Mittelfeldplatz. Das Team unter dem neuen Trainergespann Florian Bosse und Daniel Klin hat sich gefestigt und ist auch bereit f\u00fcr die anstehende Spielzeit. Diese wird dann wieder in einer eingleisigen 2.Kreisklasse erfolgen.<\/p>\r\n<p>Start in die Saison 24\/25:<\/p>\r\n<p>Die vakante Trainerposition bei unserer Ersten war nach dem R\u00fcckzug von Ruben schnell gefunden. Ein alter bekannter mit Chris Eckart \u00fcbernimmt die Cheftrainerposition und coacht das Team in der Kreisliga. Mit den Absteigern aus dem Bezirk , Lauingen\/Bornum und Sch\u00f6ningen II, dazu ambitionierten Aufsteigern , Barmke und Holzland , kann man von einer starken Kreisliga ausgehen. Das erste Spiel wurde bereits ausgetragen und mit einem 3:3 gegen Sch\u00f6ningen II der erste Achtungserfolg erzielt werden. Dabei helfen sollen die Neuzug\u00e4nge Ferdinand, Luc, Adrian und Fynn, die den Kader nicht nur in der Breite sondern auch Qualitativ aufgewertet haben. Wir sind gespannt wie die Saison verl\u00e4uft.<br \/>Die Hinrunde wird in Boimstorf ausgetragen und die R\u00fcckrunde findet bei uns in Rieseberg statt.<\/p>\r\n<p>Wir freuen uns auf euren Besuch und Support bei Heim- und Ausw\u00e4rtsspielen.<\/p>\r\n<hr \/>\r\n<p><span style=\"color: #0000ff;\"><b style=\"color: #0000ff;\">22.08.2023- Start in die neue <\/b><span style=\"color: #0000ff;\"><b>Saison<\/b><\/span><b style=\"color: #0000ff;\"> 2023\/24<\/b><\/span><\/p>\r\n<p>R\u00fcckblick Saison 2022\/23:<br \/>Die erste Herrenmannschaft konnte mit dem 9. Tabellenplatz und einer Punktausbeute von 27 Z\u00e4hlern den Klassenerhalt in der Kreisliga sichern und spielt auch in der kommenden Saison in der h\u00f6chsten Spielklasse des Kreises. Dies war ein hartes St\u00fcck Arbeit, aber am Ende konnte man das ausgegebene Saisonziel mit 7 Siegen, 6 Unentschieden und 13 Niederlagen gemeinsam erreichen.<br \/>Die Zweitvertretung war nach dem Gang in die 3.KK Helmstedt motiviert den direkten Wiederaufstieg zu meistern &#8211; mit Erfolg. Am Ende der Saison belegte die Elf von Chris Eckart den zweiten Tabellenplatz mit 30 Punkten aus 15 Spielen. Nebenbei ist man in seiner Spielklasse die fairste Mannschaft im Kreis geworden. Herzlichen Gl\u00fcckwunsch an dieser Stelle. Am Ende der Saison haben beide Mannschaften mit Vorstand und Fans eine kleine Saisonabschlussfeier in Boimstorf veranstaltet. Neben Gegrilltem und Fassbier hat man auch Chris als Trainer und Matthias Wegener verabschiedet. Die Abschlussfahrt nach Willingen war dann ein gelungener Abschied von einer harten Saison<\/p>\r\n<p>Vorschau Saison 2023\/24:<br \/>Die Elf von Fabi D\u00f6hrmann und Ruben M\u00fcller starten am 03.09.2023 in die neue Kreisligasaison. Als Saisonziel ist wieder der Klassenerhalt ausgegeben, jedoch auch das kontinuierliche Verbessern der Mannschaft und jedem Einzelnen steht auf der Agenda. Bei der zweiten Herren stehen als Spielertrainer Dainel Klin und Florian Bosse k\u00fcnftig an der Seitenline. in der 2KK. Helmstedt gab es eine neue Ordnung. die 2.KK und 3.KK wurde zusammengelegt und in Nord \/ S\u00fcd Staffeln eingeteilt, so dass ein besserer Wettkampfbetrieb stattfinden kann. Als Neuzug\u00e4nge konnte man Dan Hellermann, Pascal Kotzmann, Lennard Greger und Michel M\u00fcller gewinnen, die den Kader der Zweiten qualitativ und quantitativ erg\u00e4nzen. Dies hat nat\u00fcrlich auch einen positiven Einfluss auf den Trainingsbetrieb und die erste Mannschaft.<br \/>Die Hinrunde wird in Rieseberg ausgetragen und die R\u00fcckrunde findet in Glentorf statt.<br \/>Wir freuen uns euch auf den Sportpl\u00e4tzen begr\u00fc\u00dfen zu d\u00fcrfen.<\/p>\r\n<p><span style=\"color: #0000ff;\"><strong>03.06.2022 Freud und Leid &#8211;&gt; Saisonabschluss 2022<\/strong><\/span><\/p>\r\n<p>Die Saison 21\/22 geht zu Ende und wir gucken mit einem lachenden und einem weinenden Auge auf diese zur\u00fcck.<\/p>\r\n<p><em>Erst die schlechten Nachrichten:<\/em><br \/>Unsere Zweitvertretung muss leider den Gang in die 3.Kreisklasse antreten und ist als Tabellenletzter mit lediglich 3 Punkten abgestiegen. Nachdem wir keine Erfolge in der &#8222;Vorrunden&#8220; Staffel feiern konnten, sind wir in die Abstiegsstaffel in die R\u00fcckrunde gekommen und auch dort hatten wir einen schweren Stand. Lediglich ein Sieg gegen die SG Ochsendorf\/Rhode\/Beienrode konnte eingefahren werden. Zu wenig um in der Klasse zu bleiben. Ohne Ausreden suchen zu wollen, waren allerdings auch wir stark von Corona betroffen und konnten kein Spiel mit der gleichen Elf auflaufen. Verletzte und immer wieder die Unterst\u00fctzung der Ersten Mannschaft (Aufstockungen der Ersten) taten ihr \u00fcbriges, so dass wir gerade in der R\u00fcckrunde zu k\u00e4mpfen hatten \u00fcberhaupt Elf Spieler aufs Feld schicken zu k\u00f6nnen. Aber&#8230; wir konnten jedes Spiel antreten und somit mit erhobenen Hauptes die Saison zu Ende spielen &#8230; An der Stelle nochmal vielen Dank an die Aushilfen aus der Alten Herren Mannschaft der SG Boimstorf\/Glentorf. Letztendlich greifen aber auch hier alte Fussballwei\u00dfheiten&#8230; &#8211; Tabelle l\u00fcgt nicht, Wer keine Tore schie\u00dft gewinnt auch kein Spiel&#8230; und so weiter und so weiter.<br \/>Fazit: Wir haben es fu\u00dfballerisch nicht geschafft in der 2. Kreisklasse wettbewerbsf\u00e4hig zu sein und treten &#8222;verdient&#8220; den Weg in die 3. Kreisklasse an. Wir hoffen uns dort zu fangen und vor allem die Lust und den Spa\u00df zur\u00fcckzugewinnen, denn das ist schlussendlich das wichtigste.<\/p>\r\n<p><em>Die guten Nachrichten:<\/em><br \/>Unsere erste Herren steigt in die Kreisliga auf!!!<br \/>Als Tabellenerster konnte man die Vorrunde bravour\u00f6s meistern. Lediglich einmal musste man sich gegen die TVB Sch\u00f6ningen geschlagen geben. In der Aufstiegsrunde warteten nun aber andere Kaliber auf uns, weswegen es alles andere als ein Selbstl\u00e4ufer war bei der Konkurrenz seinen Platz an der Tabellenspitze zu verteidigen. In harten und spannenden Spielen hat es das Team um Fabian und Ruben allerdings geschafft am vorletzten Spieltag den Aufstieg als Tabellenzweiter klar zu machen. Der TB Wendhausen als Tabellenerster wird uns in die Kreisliga begleiten. Gerade die Spiele gegen Wendhausen (Hin und R\u00fcckspiel endeten 1:1) zeigten auch dem neutralen Fu\u00dfball Beobachter, das sich keine der Mannschaften in der Kreisliga verstecken muss. Am letzten Spieltag gegen FSV Sch\u00f6ningen III (12.06.2022 Heimspiel in Rieseberg) soll dieser epische Erfolg in einer Saisonabschlussfeier (Saisonabschluss f\u00fcr alle Teams: Damen SG Elm Sundern, AH SG Boimstorf\/Glentorf, Erste und Zweite Herren) gefeiert werden.\u00a0 Wir hoffen auf zahlreiche Besucher und Fans die noch einmal &#8222;Sundern bewundern&#8220; und einen sch\u00f6nen Saisonabschluss gemeinsam mit uns feiern wollen.<br \/>An der Stelle wollen wir als Team SG Sundern und ganz herzlich bei allen Fans, Platzw\u00e4rten, ehrenamtlichen Helfern, den Bewirtungsteams an Heimspielen, Vorst\u00e4nden und alle die wir hier vergessen haben bedanken. Vielen Dank und bis n\u00e4chstes Jahr in der Kreisliga.<\/p>\r\n<p>Mann f\u00fcr Mann&#8230;.<\/p>\r\n<p><span style=\"color: #0000ff;\"><strong>02.09.2021 Saisonstart 2021\/22. Auf geht\u00b4s SG Sundern&#8230;<\/strong><\/span><\/p>\r\n<p>Ende August startete die neue Saison 2021\/22.\u00a0 Der Spielmodus von der 3.Kreisklasse bis zur Kreisliga Helmstedt wurde dabei auf und wegen der Corona Situation und den Erfahrungen der letzten Spielzeit angepasst. Durch die Anpassung soll gew\u00e4hrleistet sein, das man eine aussagekr\u00e4ftige Tabelle bekommt, auch wenn die Saison Corona bedingt erneut abgesagt werden muss. Der Modus sieht wie folgt aus:<br \/>Die einzelnen Ligen wurden in zwei Staffeln eingeteilt. Das hei\u00dft es gibt zum Beispiel, in der 1. Kreisklasse zwei Staffeln mit sechs bis sieben Teams. Hier erfolgt zun\u00e4chst eine Hin- und R\u00fcckrunde . Die ersten vier jeder Teilstaffel kommen in die Aufstiegsrunde und die restlichen Mannschaften in die Abstiegsrunde. Hier werden dann die Aufsteiger bzw. Absteiger ermittelt. Die Punkte aus der &#8222;Vorrunde&#8220; wird dabei in die Aus- bzw. Abstiegsrunde mitgenommen.<\/p>\r\n<p><span style=\"color: #0000ff;\">Zu- und Abg\u00e4nge der SG Sundern:<\/span><br \/>Abg\u00e4nge: Niklas Tilg &#8211;&gt; VFL Rottorf\/Mariental<br \/>Zug\u00e4nge: Rene Kapelle (SG Ochsendorf\/Rhode\/Uhry), Mayiz Zgeihb (SG Rottort\/Viktoria K\u00f6nigslutter), Leon Danesch (SV Lauingen\/ Bornum)<\/p>\r\n<p>Die Hinrunde beider Teams wird in Boimstorf ausgetragen. Die R\u00fcckrunde (Auf- und Abstiegsrunden) werden in Rieseberg stattfinden. Schaut gerne vorbei und unterst\u00fctzt die Mannschaften.<\/p>\r\n<p><span style=\"color: #0000ff;\"><strong>Saison 2020\/21 &#8211; Abbruch und Annullierung der Saison<br \/><\/strong><span style=\"color: #000000;\">Der Start der Saison war gepr\u00e4gt von Ausf\u00fcllen von Listen zur Kontaktnachverfolgung und weiterer Einschr\u00e4nkungen im Spiel- und Trainingsbetrieb durch die Coronalage. Bis Oktober 2020 konnten Spiele stattfinden und beide Herrenmannschaften konnten sich in ihren neuen Ligen messen. Die 1. Herren konnte die ersten Punkte sammeln und hat sich schnell akklimatisiert. Auch im Pokal k\u00f6nnte man sich in der ersten Runde gegen den Kreis Ligisten STV Holzland durchsetzen. Leider hatten wir kein Losgl\u00fcck und mussten uns in der zweiten Runde dem Aufstiegsaspiranten der Kreisliga &#8211; TuS Essenrode- nach intensiven Fight geschlagen geben.<br \/>Unsere Zweitvertretung ist leider nicht optimal in die neue Saison gestartet und musste viel Lehrgeld zahlen. Bis zur Unterbrechung der Saison im Oktober konnte leider kein Punkt eingefahren werden. Aus der Unterbrechung wurde dann schlussendlich ein Abbruch und Annullierung der Saison. Dies bedeutet, das es keine Auf- und Absteiger gibt. Hoffentlich k\u00f6nnen wir die Saison 21\/22 relativ normal bestreiten.<br \/><\/span><\/span><\/p>\r\n<p><strong><span style=\"color: #0000ff;\">Abschluss &#8222;Corona Saison 2019\/20&#8220; &#8211; Doppelaufstieg<\/span><\/strong><br \/>Durch die Corona Pandemie war die Saison 19\/20 keine Saison wie die vergangenen.<br \/>Hinrunde: Beide Mannschaften konnten nach der Hinrunde einen Aufstiegsplatz belegen. Dies zeigt, das die Zusammenf\u00fchrung der bestehenden Herrenmannschaft und den Neuzug\u00e4ngen aus der A-Jugend mit der verbundenen Meldung einer II. Herrenmannschaft sehr gut funktioniert hat. Beide Mannschaften lieferten gute Leistungen in ihren Ligen ab und standen zum Jahresende verdient auf einen Aufstiegsplatz. Hochmotiviert und eine hervorragende R\u00fcckrundenvorbereitung im Nacken wollten beide Teams ihren Platz an der Sonne nicht mehr hergeben und das, damals noch weit entfernte Ziel, den Aufstieg angehen. Kurz vor dem ersten R\u00fcckrundenspiel wurde die Saison unterbrochen und sp\u00e4ter dann abgebrochen. Lange Zeit im Ungewissen und ohne Training und Mannschaftskontakt kristallisierte sich die Entscheidung des NfV heraus, die Saison abzubrechen und nach Quotientenregel den Aufsteiger zu ermitteln. Absteiger wird es in dieser Saison nicht geben. Das hei\u00dft, beide Mannschaften (I. 1. Platz Kreisklasse II &amp; II. 2.Platz 3.Kreisklasse) konnten den Aufstieg in spiel h\u00f6here Klasse &#8222;feiern&#8220;.<br \/>Es ist keine Frage, das Trainer und Mannschaft diese Aufstiege lieber in eine von Spieltag zu Spieltag, von Woche zu Woche steigernde Spannungskurve auf dem gr\u00fcnen Rasen entschieden h\u00e4tten, trotzdem sind die Stammvereine stolz und gl\u00fccklich das die Zusammenf\u00fchrung der Spieler bereits im ersten Jahr so gut funktioniert hat und die Fr\u00fcchte geerntet werden konnten.<\/p>\r\n<p>Das bedeutet ab der Saison 20\/21 spielt die 1. Herrenmannschaft in der 1.Kreisklasse Helmstedt und die 2.Herrenmannschaft geht in der 3.Kreisklasse Helmstedt auf Punktejagd. Die Heimspiele der Hinrunde 2020\/21 werden in Glentorf\u00a0 und die R\u00fcckrunde in Boimstorf ausgetragen.<\/p>\r\n<p>Kommt gerne vorbei und unterst\u00fctzt unsere Jungs.<br \/>Wer einmal selbst gegen das runde Leder treten m\u00f6chte, ist gerne zu den Trainingszeiten gesehen. Sprecht uns einfach an.<\/p>\r\n<p><strong>Trainer\u00a0<\/strong><br \/>1.Herrenmannschaft:\u00a0 Chris Eckart<br \/>Tel.: 01627223928<\/p>\r\n<p>2. Herrenmannschaft: Peter Osbelt<br \/>Tel.: 015789584304<\/p>\r\n<p><strong>Trainingszeiten<\/strong><br \/>1. Herren: Dienstags und Freitags um 18:30 Uhr<br \/>2. Herren Dienstags und Donnerstags um 18:30 Uhr<br \/><strong>Trainingsort<\/strong><br \/>Hinrunde 25\/26 &#8211; Glentorf<br \/>R\u00fcckrunde 25\/26 &#8211; Boimstorf<br \/>Wintervorbereitung (je nach Wetterlage und Lichtverh\u00e4ltnisse) &#8211; Rieseberg, Boimstorf, Glentorf<\/p>\r\n<p>Folgt uns auch auf Facebook:<\/p>\r\n<p><a href=\"https:\/\/www.facebook.com\/pg\/sgsundern\/about\/?ref=page_internal\">https:\/\/www.facebook.com\/pg\/sgsundern\/about\/?ref=page_internal<\/a><\/p><div class=\"pvc_clear\"><\/div><p id=\"pvc_stats_110\" class=\"pvc_stats all  \" data-element-id=\"110\" style=\"\"><i class=\"pvc-stats-icon medium\" aria-hidden=\"true\"><svg aria-hidden=\"true\" focusable=\"false\" data-prefix=\"far\" data-icon=\"chart-bar\" role=\"img\" xmlns=\"http:\/\/www.w3.org\/2000\/svg\" viewBox=\"0 0 512 512\" class=\"svg-inline--fa fa-chart-bar fa-w-16 fa-2x\"><path fill=\"currentColor\" d=\"M396.8 352h22.4c6.4 0 12.8-6.4 12.8-12.8V108.8c0-6.4-6.4-12.8-12.8-12.8h-22.4c-6.4 0-12.8 6.4-12.8 12.8v230.4c0 6.4 6.4 12.8 12.8 12.8zm-192 0h22.4c6.4 0 12.8-6.4 12.8-12.8V140.8c0-6.4-6.4-12.8-12.8-12.8h-22.4c-6.4 0-12.8 6.4-12.8 12.8v198.4c0 6.4 6.4 12.8 12.8 12.8zm96 0h22.4c6.4 0 12.8-6.4 12.8-12.8V204.8c0-6.4-6.4-12.8-12.8-12.8h-22.4c-6.4 0-12.8 6.4-12.8 12.8v134.4c0 6.4 6.4 12.8 12.8 12.8zM496 400H48V80c0-8.84-7.16-16-16-16H16C7.16 64 0 71.16 0 80v336c0 17.67 14.33 32 32 32h464c8.84 0 16-7.16 16-16v-16c0-8.84-7.16-16-16-16zm-387.2-48h22.4c6.4 0 12.8-6.4 12.8-12.8v-70.4c0-6.4-6.4-12.8-12.8-12.8h-22.4c-6.4 0-12.8 6.4-12.8 12.8v70.4c0 6.4 6.4 12.8 12.8 12.8z\" class=\"\"><\/path><\/svg><\/i> <img loading=\"lazy\" decoding=\"async\" width=\"16\" height=\"16\" alt=\"Loading\" src=\"http:\/\/ttc-rieseberg-scheppau.de\/wp-content\/plugins\/page-views-count\/ajax-loader-2x.gif\" border=0 \/><\/p><div class=\"pvc_clear\"><\/div>","protected":false},"excerpt":{"rendered":"<p>Mann f\u00fcr Mann &#8211; Sundern voran !!! \u00a0Zusammen mit den befreundeten Nachbarvereinen des SV Glentorf und des SV Boimstorf besteht eine Spielgemeinschaft im Herrenfussball, die SG Sundern.\u00a0Die Namensgebungen beruht auf dem Waldst\u00fcck &#8222;Sundern&#8220;, welches zwischen den D\u00f6rfern liegt. Die SG Sundern ist eine reine Herrenspielgemeinschaft. Seit der Saison 2019\/2020 haben wir es wieder geschafft eine [&hellip;]<\/p>\n<div class=\"pvc_clear\"><\/div>\n<p id=\"pvc_stats_110\" class=\"pvc_stats all  \" data-element-id=\"110\" style=\"\"><i class=\"pvc-stats-icon medium\" aria-hidden=\"true\"><svg aria-hidden=\"true\" focusable=\"false\" data-prefix=\"far\" data-icon=\"chart-bar\" role=\"img\" xmlns=\"http:\/\/www.w3.org\/2000\/svg\" viewBox=\"0 0 512 512\" class=\"svg-inline--fa fa-chart-bar fa-w-16 fa-2x\"><path fill=\"currentColor\" d=\"M396.8 352h22.4c6.4 0 12.8-6.4 12.8-12.8V108.8c0-6.4-6.4-12.8-12.8-12.8h-22.4c-6.4 0-12.8 6.4-12.8 12.8v230.4c0 6.4 6.4 12.8 12.8 12.8zm-192 0h22.4c6.4 0 12.8-6.4 12.8-12.8V140.8c0-6.4-6.4-12.8-12.8-12.8h-22.4c-6.4 0-12.8 6.4-12.8 12.8v198.4c0 6.4 6.4 12.8 12.8 12.8zm96 0h22.4c6.4 0 12.8-6.4 12.8-12.8V204.8c0-6.4-6.4-12.8-12.8-12.8h-22.4c-6.4 0-12.8 6.4-12.8 12.8v134.4c0 6.4 6.4 12.8 12.8 12.8zM496 400H48V80c0-8.84-7.16-16-16-16H16C7.16 64 0 71.16 0 80v336c0 17.67 14.33 32 32 32h464c8.84 0 16-7.16 16-16v-16c0-8.84-7.16-16-16-16zm-387.2-48h22.4c6.4 0 12.8-6.4 12.8-12.8v-70.4c0-6.4-6.4-12.8-12.8-12.8h-22.4c-6.4 0-12.8 6.4-12.8 12.8v70.4c0 6.4 6.4 12.8 12.8 12.8z\" class=\"\"><\/path><\/svg><\/i> <img loading=\"lazy\" decoding=\"async\" width=\"16\" height=\"16\" alt=\"Loading\" src=\"http:\/\/ttc-rieseberg-scheppau.de\/wp-content\/plugins\/page-views-count\/ajax-loader-2x.gif\" border=0 \/><\/p>\n<div class=\"pvc_clear\"><\/div>\n","protected":false},"author":1,"featured_media":0,"parent":0,"menu_order":0,"comment_status":"closed","ping_status":"closed","template":"","meta":{"footnotes":""},"class_list":["post-110","page","type-page","status-publish","hentry"],"_links":{"self":[{"href":"http:\/\/ttc-rieseberg-scheppau.de\/index.php?rest_route=\/wp\/v2\/pages\/110","targetHints":{"allow":["GET"]}}],"collection":[{"href":"http:\/\/ttc-rieseberg-scheppau.de\/index.php?rest_route=\/wp\/v2\/pages"}],"about":[{"href":"http:\/\/ttc-rieseberg-scheppau.de\/index.php?rest_route=\/wp\/v2\/types\/page"}],"author":[{"embeddable":true,"href":"http:\/\/ttc-rieseberg-scheppau.de\/index.php?rest_route=\/wp\/v2\/users\/1"}],"replies":[{"embeddable":true,"href":"http:\/\/ttc-rieseberg-scheppau.de\/index.php?rest_route=%2Fwp%2Fv2%2Fcomments&post=110"}],"version-history":[{"count":22,"href":"http:\/\/ttc-rieseberg-scheppau.de\/index.php?rest_route=\/wp\/v2\/pages\/110\/revisions"}],"predecessor-version":[{"id":1021,"href":"http:\/\/ttc-rieseberg-scheppau.de\/index.php?rest_route=\/wp\/v2\/pages\/110\/revisions\/1021"}],"wp:attachment":[{"href":"http:\/\/ttc-rieseberg-scheppau.de\/index.php?rest_route=%2Fwp%2Fv2%2Fmedia&parent=110"}],"curies":[{"name":"wp","href":"https:\/\/api.w.org\/{rel}","templated":true}]}}