{"id":112,"date":"2020-01-28T06:11:42","date_gmt":"2020-01-28T06:11:42","guid":{"rendered":"http:\/\/ttc-rieseberg-scheppau.de\/?page_id=112"},"modified":"2024-02-28T14:42:49","modified_gmt":"2024-02-28T14:42:49","slug":"fussball-damen","status":"publish","type":"page","link":"http:\/\/ttc-rieseberg-scheppau.de\/?page_id=112","title":{"rendered":"Fussball Damen"},"content":{"rendered":"<p><img loading=\"lazy\" decoding=\"async\" class=\"alignnone  wp-image-896\" src=\"http:\/\/ttc-rieseberg-scheppau.de\/wp-content\/uploads\/2024\/02\/PHOTO-2024-02-28-15-39-59-scaled.jpg\" alt=\"\" width=\"687\" height=\"458\" srcset=\"http:\/\/ttc-rieseberg-scheppau.de\/wp-content\/uploads\/2024\/02\/PHOTO-2024-02-28-15-39-59-scaled.jpg 2560w, http:\/\/ttc-rieseberg-scheppau.de\/wp-content\/uploads\/2024\/02\/PHOTO-2024-02-28-15-39-59-300x200.jpg 300w, http:\/\/ttc-rieseberg-scheppau.de\/wp-content\/uploads\/2024\/02\/PHOTO-2024-02-28-15-39-59-1024x683.jpg 1024w, http:\/\/ttc-rieseberg-scheppau.de\/wp-content\/uploads\/2024\/02\/PHOTO-2024-02-28-15-39-59-768x512.jpg 768w, http:\/\/ttc-rieseberg-scheppau.de\/wp-content\/uploads\/2024\/02\/PHOTO-2024-02-28-15-39-59-1536x1024.jpg 1536w, http:\/\/ttc-rieseberg-scheppau.de\/wp-content\/uploads\/2024\/02\/PHOTO-2024-02-28-15-39-59-2048x1365.jpg 2048w, http:\/\/ttc-rieseberg-scheppau.de\/wp-content\/uploads\/2024\/02\/PHOTO-2024-02-28-15-39-59-2x1.jpg 2w\" sizes=\"auto, (max-width: 687px) 100vw, 687px\" \/><img loading=\"lazy\" decoding=\"async\" class=\"\" style=\"font-size: 1.4rem; font-style: inherit; font-weight: inherit;\" src=\"https:\/\/ci3.googleusercontent.com\/mail-sig\/AIorK4yC9mzkeATqT8J9mOxQDnJZX-JGgu7F2wlYG1kknU_tW5fppKDUqG5mg7RtoGv8xe4TVyPTpa4\" width=\"206\" height=\"176\" \/><\/p>\n<p style=\"font-weight: 400;\">Willkommen auf der Internetseite vom TTC-Rieseberg.<\/p>\n<p style=\"font-weight: 400;\">An dieser Stelle m\u00f6chten Wir uns, die Damen-Mannschaft, vorstellen. Seit 2019 sind wir eine neu-zusammengew\u00fcrfelte Mannschaft: Die SG Elm Sundern<\/p>\n<p style=\"font-weight: 400;\">Der Zusammenschluss fand zwischen dem TTC-Rieseberg-Scheppau, SV Boimstorf, SV Glentorf und dem SV Lauingen\/Bornum statt. Nun sind wir ein gro\u00dfer Haufen M\u00e4dels, die eine Sache verbindet &#8211; Die Liebe zum Fu\u00dfball.<\/p>\n<p style=\"font-weight: 400;\">Dabei ist es kein stumpfes \u201eeinem Ball hinterherrennen\u201c oder \u201eauf einem Haufen stehen\u201c. Es ist so viel mehr. Es gibt die Ablenkung, wenn man mal einen schlechten Tag hatte. Es entstehen Freundschaften und der Teamgeist wird immer st\u00e4rker. Der Zusammenhalt und das Vertrauen untereinander und dem Trainer gegen\u00fcber sind einmalig. Bei all dem Fu\u00dfball fallen aber auch \u201eM\u00e4delsthemen\u201c nicht unter den Tisch.<\/p>\n<p style=\"font-weight: 400;\">Wir sind eine Mannschaft \u2013 ein \u201eWir\u201c, ein Team.<\/p>\n<p style=\"font-weight: 400;\">Dieses \u201eWir\u201c k\u00e4mpft gemeinsam auf dem Platz, um die drei Punkte zu holen. Als eine neu gebildete 7er Mannschaft, die sich starken Gegner in der Kreisliga Braunschweig entgegenstellt, sind wir noch in einer Aufbauphase. Wir mussten das \u201eWir\u201c erst einmal finden, sowohl neben als auch auf dem Platz. Doch wir sind auf dem richtigen Weg und freuen uns auf jede Unterst\u00fctzung die wir bekommen k\u00f6nnen. Wenn wir also Euer Interesse geweckt haben, dann kommt vorbei und guckt ein Spiel an, oder noch besser macht gleich mit. Wir trainieren jeden Dienstag und Donnerstag\u00a0 von 18:30Uhr bis 20:00Uhr.<\/p>\n<p style=\"font-weight: 400;\">F\u00fcr ganz aktuelle News, eine Mannschaftsvorstellung und vieles mehr, m\u00f6chten wir Euch gern auf unsere Facebookseite verweisen. Ihr k\u00f6nnt uns auch gern per E-Mail unter\u00a0<a href=\"mailto:sgsundern.damen@web.de\">sgsundern.damen@web.de<\/a>\u00a0erreichen. Wir freuen uns auf Euch.<\/p>\n<p>Trainerteam:<\/p>\n<p>Roland K\u00f6hler<br \/>\n<em>mobil<\/em>\u00a0\u00a0 +49 1520 195 67 53<\/p>\n<p>und<\/p>\n<p>Jonas G\u00f6rtner<br \/>\n<em>mobil\u00a0\u00a0\u00a0<\/em>+49 179 476 66 12<\/p>\n<p>Eure M\u00e4dels der SG Elm Sundern<\/p>\n<div class=\"pvc_clear\"><\/div>\n<p id=\"pvc_stats_112\" class=\"pvc_stats all  \" data-element-id=\"112\" style=\"\"><i class=\"pvc-stats-icon medium\" aria-hidden=\"true\"><svg aria-hidden=\"true\" focusable=\"false\" data-prefix=\"far\" data-icon=\"chart-bar\" role=\"img\" xmlns=\"http:\/\/www.w3.org\/2000\/svg\" viewBox=\"0 0 512 512\" class=\"svg-inline--fa fa-chart-bar fa-w-16 fa-2x\"><path fill=\"currentColor\" d=\"M396.8 352h22.4c6.4 0 12.8-6.4 12.8-12.8V108.8c0-6.4-6.4-12.8-12.8-12.8h-22.4c-6.4 0-12.8 6.4-12.8 12.8v230.4c0 6.4 6.4 12.8 12.8 12.8zm-192 0h22.4c6.4 0 12.8-6.4 12.8-12.8V140.8c0-6.4-6.4-12.8-12.8-12.8h-22.4c-6.4 0-12.8 6.4-12.8 12.8v198.4c0 6.4 6.4 12.8 12.8 12.8zm96 0h22.4c6.4 0 12.8-6.4 12.8-12.8V204.8c0-6.4-6.4-12.8-12.8-12.8h-22.4c-6.4 0-12.8 6.4-12.8 12.8v134.4c0 6.4 6.4 12.8 12.8 12.8zM496 400H48V80c0-8.84-7.16-16-16-16H16C7.16 64 0 71.16 0 80v336c0 17.67 14.33 32 32 32h464c8.84 0 16-7.16 16-16v-16c0-8.84-7.16-16-16-16zm-387.2-48h22.4c6.4 0 12.8-6.4 12.8-12.8v-70.4c0-6.4-6.4-12.8-12.8-12.8h-22.4c-6.4 0-12.8 6.4-12.8 12.8v70.4c0 6.4 6.4 12.8 12.8 12.8z\" class=\"\"><\/path><\/svg><\/i> <img loading=\"lazy\" decoding=\"async\" width=\"16\" height=\"16\" alt=\"Loading\" src=\"http:\/\/ttc-rieseberg-scheppau.de\/wp-content\/plugins\/page-views-count\/ajax-loader-2x.gif\" border=0 \/><\/p>\n<div class=\"pvc_clear\"><\/div>\n","protected":false},"excerpt":{"rendered":"<p>Willkommen auf der Internetseite vom TTC-Rieseberg. An dieser Stelle m\u00f6chten Wir uns, die Damen-Mannschaft, vorstellen. Seit 2019 sind wir eine neu-zusammengew\u00fcrfelte Mannschaft: Die SG Elm Sundern Der Zusammenschluss fand zwischen dem TTC-Rieseberg-Scheppau, SV Boimstorf, SV Glentorf und dem SV Lauingen\/Bornum statt. Nun sind wir ein gro\u00dfer Haufen M\u00e4dels, die eine Sache verbindet &#8211; Die Liebe [&hellip;]<\/p>\n<div class=\"pvc_clear\"><\/div>\n<p id=\"pvc_stats_112\" class=\"pvc_stats all  \" data-element-id=\"112\" style=\"\"><i class=\"pvc-stats-icon medium\" aria-hidden=\"true\"><svg aria-hidden=\"true\" focusable=\"false\" data-prefix=\"far\" data-icon=\"chart-bar\" role=\"img\" xmlns=\"http:\/\/www.w3.org\/2000\/svg\" viewBox=\"0 0 512 512\" class=\"svg-inline--fa fa-chart-bar fa-w-16 fa-2x\"><path fill=\"currentColor\" d=\"M396.8 352h22.4c6.4 0 12.8-6.4 12.8-12.8V108.8c0-6.4-6.4-12.8-12.8-12.8h-22.4c-6.4 0-12.8 6.4-12.8 12.8v230.4c0 6.4 6.4 12.8 12.8 12.8zm-192 0h22.4c6.4 0 12.8-6.4 12.8-12.8V140.8c0-6.4-6.4-12.8-12.8-12.8h-22.4c-6.4 0-12.8 6.4-12.8 12.8v198.4c0 6.4 6.4 12.8 12.8 12.8zm96 0h22.4c6.4 0 12.8-6.4 12.8-12.8V204.8c0-6.4-6.4-12.8-12.8-12.8h-22.4c-6.4 0-12.8 6.4-12.8 12.8v134.4c0 6.4 6.4 12.8 12.8 12.8zM496 400H48V80c0-8.84-7.16-16-16-16H16C7.16 64 0 71.16 0 80v336c0 17.67 14.33 32 32 32h464c8.84 0 16-7.16 16-16v-16c0-8.84-7.16-16-16-16zm-387.2-48h22.4c6.4 0 12.8-6.4 12.8-12.8v-70.4c0-6.4-6.4-12.8-12.8-12.8h-22.4c-6.4 0-12.8 6.4-12.8 12.8v70.4c0 6.4 6.4 12.8 12.8 12.8z\" class=\"\"><\/path><\/svg><\/i> <img loading=\"lazy\" decoding=\"async\" width=\"16\" height=\"16\" alt=\"Loading\" src=\"http:\/\/ttc-rieseberg-scheppau.de\/wp-content\/plugins\/page-views-count\/ajax-loader-2x.gif\" border=0 \/><\/p>\n<div class=\"pvc_clear\"><\/div>\n","protected":false},"author":1,"featured_media":0,"parent":0,"menu_order":0,"comment_status":"closed","ping_status":"closed","template":"","meta":{"footnotes":""},"class_list":["post-112","page","type-page","status-publish","hentry"],"_links":{"self":[{"href":"http:\/\/ttc-rieseberg-scheppau.de\/index.php?rest_route=\/wp\/v2\/pages\/112","targetHints":{"allow":["GET"]}}],"collection":[{"href":"http:\/\/ttc-rieseberg-scheppau.de\/index.php?rest_route=\/wp\/v2\/pages"}],"about":[{"href":"http:\/\/ttc-rieseberg-scheppau.de\/index.php?rest_route=\/wp\/v2\/types\/page"}],"author":[{"embeddable":true,"href":"http:\/\/ttc-rieseberg-scheppau.de\/index.php?rest_route=\/wp\/v2\/users\/1"}],"replies":[{"embeddable":true,"href":"http:\/\/ttc-rieseberg-scheppau.de\/index.php?rest_route=%2Fwp%2Fv2%2Fcomments&post=112"}],"version-history":[{"count":9,"href":"http:\/\/ttc-rieseberg-scheppau.de\/index.php?rest_route=\/wp\/v2\/pages\/112\/revisions"}],"predecessor-version":[{"id":897,"href":"http:\/\/ttc-rieseberg-scheppau.de\/index.php?rest_route=\/wp\/v2\/pages\/112\/revisions\/897"}],"wp:attachment":[{"href":"http:\/\/ttc-rieseberg-scheppau.de\/index.php?rest_route=%2Fwp%2Fv2%2Fmedia&parent=112"}],"curies":[{"name":"wp","href":"https:\/\/api.w.org\/{rel}","templated":true}]}}