{"id":113,"date":"2020-01-28T06:12:14","date_gmt":"2020-01-28T06:12:14","guid":{"rendered":"http:\/\/ttc-rieseberg-scheppau.de\/?page_id=113"},"modified":"2024-06-20T09:32:08","modified_gmt":"2024-06-20T09:32:08","slug":"fussball-jugend","status":"publish","type":"page","link":"http:\/\/ttc-rieseberg-scheppau.de\/?page_id=113","title":{"rendered":"Fussball Jugend"},"content":{"rendered":"<p><img loading=\"lazy\" decoding=\"async\" class=\"alignnone wp-image-116\" src=\"http:\/\/ttc-rieseberg-scheppau.de\/wp-content\/uploads\/2020\/01\/JSG-K\u00f6nogslutter-300x77.png\" alt=\"\" width=\"495\" height=\"127\" srcset=\"http:\/\/ttc-rieseberg-scheppau.de\/wp-content\/uploads\/2020\/01\/JSG-K\u00f6nogslutter-300x77.png 300w, http:\/\/ttc-rieseberg-scheppau.de\/wp-content\/uploads\/2020\/01\/JSG-K\u00f6nogslutter-768x196.png 768w, http:\/\/ttc-rieseberg-scheppau.de\/wp-content\/uploads\/2020\/01\/JSG-K\u00f6nogslutter-1024x262.png 1024w, http:\/\/ttc-rieseberg-scheppau.de\/wp-content\/uploads\/2020\/01\/JSG-K\u00f6nogslutter-4x1.png 4w, http:\/\/ttc-rieseberg-scheppau.de\/wp-content\/uploads\/2020\/01\/JSG-K\u00f6nogslutter.png 1411w\" sizes=\"auto, (max-width: 495px) 100vw, 495px\" \/><\/p>\n<p>Seit 2019 spielen die Kinder und Jugendlichen des gesamten Einzugsgebietes von K\u00f6nigslutter unter einer gemeinsamen Jugendspielgemeinschaft &#8211; der JSG K\u00f6nigslutter. Diese setzte sich aus der JSG Elm- Sundern und der JSG K\u00f6nigslutter zusammen mit dem Ziel f\u00fcr alle Alterklassen und Leistungsstand Fussball anbieten zu k\u00f6nnen. Stammvereine der JSG sind:<\/p>\n<ul>\n<li>SV Boimstorf<\/li>\n<li>SV Glentorf<\/li>\n<li>SV Lauingen- Bornum<\/li>\n<li>TSV Rottorf\/Gr.Steinum<\/li>\n<li>SV Viktoria K\u00f6nigslutter<\/li>\n<li>TTC Rieseberg &#8211; Scheppau<\/li>\n<li>MTV Sunstedt<\/li>\n<\/ul>\n<p>Weitere Informationen, wie Trainingszeiten, verantwortliche Trainer, Trainingsorte erhaltet ihr unter der Homepage der JSG K\u00f6nigslutter:<\/p>\n<p><a href=\"http:\/\/www.jsg-koenigslutter.de\/\">http:\/\/www.jsg-koenigslutter.de\/<\/a><\/p>\n<p>&nbsp;<\/p>\n<div class=\"pvc_clear\"><\/div>\n<p id=\"pvc_stats_113\" class=\"pvc_stats all  \" data-element-id=\"113\" style=\"\"><i class=\"pvc-stats-icon medium\" aria-hidden=\"true\"><svg aria-hidden=\"true\" focusable=\"false\" data-prefix=\"far\" data-icon=\"chart-bar\" role=\"img\" xmlns=\"http:\/\/www.w3.org\/2000\/svg\" viewBox=\"0 0 512 512\" class=\"svg-inline--fa fa-chart-bar fa-w-16 fa-2x\"><path fill=\"currentColor\" d=\"M396.8 352h22.4c6.4 0 12.8-6.4 12.8-12.8V108.8c0-6.4-6.4-12.8-12.8-12.8h-22.4c-6.4 0-12.8 6.4-12.8 12.8v230.4c0 6.4 6.4 12.8 12.8 12.8zm-192 0h22.4c6.4 0 12.8-6.4 12.8-12.8V140.8c0-6.4-6.4-12.8-12.8-12.8h-22.4c-6.4 0-12.8 6.4-12.8 12.8v198.4c0 6.4 6.4 12.8 12.8 12.8zm96 0h22.4c6.4 0 12.8-6.4 12.8-12.8V204.8c0-6.4-6.4-12.8-12.8-12.8h-22.4c-6.4 0-12.8 6.4-12.8 12.8v134.4c0 6.4 6.4 12.8 12.8 12.8zM496 400H48V80c0-8.84-7.16-16-16-16H16C7.16 64 0 71.16 0 80v336c0 17.67 14.33 32 32 32h464c8.84 0 16-7.16 16-16v-16c0-8.84-7.16-16-16-16zm-387.2-48h22.4c6.4 0 12.8-6.4 12.8-12.8v-70.4c0-6.4-6.4-12.8-12.8-12.8h-22.4c-6.4 0-12.8 6.4-12.8 12.8v70.4c0 6.4 6.4 12.8 12.8 12.8z\" class=\"\"><\/path><\/svg><\/i> <img loading=\"lazy\" decoding=\"async\" width=\"16\" height=\"16\" alt=\"Loading\" src=\"http:\/\/ttc-rieseberg-scheppau.de\/wp-content\/plugins\/page-views-count\/ajax-loader-2x.gif\" border=0 \/><\/p>\n<div class=\"pvc_clear\"><\/div>\n","protected":false},"excerpt":{"rendered":"<p>Seit 2019 spielen die Kinder und Jugendlichen des gesamten Einzugsgebietes von K\u00f6nigslutter unter einer gemeinsamen Jugendspielgemeinschaft &#8211; der JSG K\u00f6nigslutter. Diese setzte sich aus der JSG Elm- Sundern und der JSG K\u00f6nigslutter zusammen mit dem Ziel f\u00fcr alle Alterklassen und Leistungsstand Fussball anbieten zu k\u00f6nnen. Stammvereine der JSG sind: SV Boimstorf SV Glentorf SV Lauingen- [&hellip;]<\/p>\n<div class=\"pvc_clear\"><\/div>\n<p id=\"pvc_stats_113\" class=\"pvc_stats all  \" data-element-id=\"113\" style=\"\"><i class=\"pvc-stats-icon medium\" aria-hidden=\"true\"><svg aria-hidden=\"true\" focusable=\"false\" data-prefix=\"far\" data-icon=\"chart-bar\" role=\"img\" xmlns=\"http:\/\/www.w3.org\/2000\/svg\" viewBox=\"0 0 512 512\" class=\"svg-inline--fa fa-chart-bar fa-w-16 fa-2x\"><path fill=\"currentColor\" d=\"M396.8 352h22.4c6.4 0 12.8-6.4 12.8-12.8V108.8c0-6.4-6.4-12.8-12.8-12.8h-22.4c-6.4 0-12.8 6.4-12.8 12.8v230.4c0 6.4 6.4 12.8 12.8 12.8zm-192 0h22.4c6.4 0 12.8-6.4 12.8-12.8V140.8c0-6.4-6.4-12.8-12.8-12.8h-22.4c-6.4 0-12.8 6.4-12.8 12.8v198.4c0 6.4 6.4 12.8 12.8 12.8zm96 0h22.4c6.4 0 12.8-6.4 12.8-12.8V204.8c0-6.4-6.4-12.8-12.8-12.8h-22.4c-6.4 0-12.8 6.4-12.8 12.8v134.4c0 6.4 6.4 12.8 12.8 12.8zM496 400H48V80c0-8.84-7.16-16-16-16H16C7.16 64 0 71.16 0 80v336c0 17.67 14.33 32 32 32h464c8.84 0 16-7.16 16-16v-16c0-8.84-7.16-16-16-16zm-387.2-48h22.4c6.4 0 12.8-6.4 12.8-12.8v-70.4c0-6.4-6.4-12.8-12.8-12.8h-22.4c-6.4 0-12.8 6.4-12.8 12.8v70.4c0 6.4 6.4 12.8 12.8 12.8z\" class=\"\"><\/path><\/svg><\/i> <img loading=\"lazy\" decoding=\"async\" width=\"16\" height=\"16\" alt=\"Loading\" src=\"http:\/\/ttc-rieseberg-scheppau.de\/wp-content\/plugins\/page-views-count\/ajax-loader-2x.gif\" border=0 \/><\/p>\n<div class=\"pvc_clear\"><\/div>\n","protected":false},"author":1,"featured_media":0,"parent":0,"menu_order":0,"comment_status":"closed","ping_status":"closed","template":"","meta":{"footnotes":""},"class_list":["post-113","page","type-page","status-publish","hentry"],"_links":{"self":[{"href":"http:\/\/ttc-rieseberg-scheppau.de\/index.php?rest_route=\/wp\/v2\/pages\/113","targetHints":{"allow":["GET"]}}],"collection":[{"href":"http:\/\/ttc-rieseberg-scheppau.de\/index.php?rest_route=\/wp\/v2\/pages"}],"about":[{"href":"http:\/\/ttc-rieseberg-scheppau.de\/index.php?rest_route=\/wp\/v2\/types\/page"}],"author":[{"embeddable":true,"href":"http:\/\/ttc-rieseberg-scheppau.de\/index.php?rest_route=\/wp\/v2\/users\/1"}],"replies":[{"embeddable":true,"href":"http:\/\/ttc-rieseberg-scheppau.de\/index.php?rest_route=%2Fwp%2Fv2%2Fcomments&post=113"}],"version-history":[{"count":6,"href":"http:\/\/ttc-rieseberg-scheppau.de\/index.php?rest_route=\/wp\/v2\/pages\/113\/revisions"}],"predecessor-version":[{"id":915,"href":"http:\/\/ttc-rieseberg-scheppau.de\/index.php?rest_route=\/wp\/v2\/pages\/113\/revisions\/915"}],"wp:attachment":[{"href":"http:\/\/ttc-rieseberg-scheppau.de\/index.php?rest_route=%2Fwp%2Fv2%2Fmedia&parent=113"}],"curies":[{"name":"wp","href":"https:\/\/api.w.org\/{rel}","templated":true}]}}