{"id":199,"date":"2020-01-28T08:12:01","date_gmt":"2020-01-28T08:12:01","guid":{"rendered":"http:\/\/ttc-rieseberg-scheppau.de\/?page_id=199"},"modified":"2024-12-23T08:26:13","modified_gmt":"2024-12-23T08:26:13","slug":"wandertag","status":"publish","type":"page","link":"http:\/\/ttc-rieseberg-scheppau.de\/?page_id=199","title":{"rendered":"Wandertag"},"content":{"rendered":"<p>Wandertag 2025<\/p>\n<p><img loading=\"lazy\" decoding=\"async\" class=\"alignnone size-full wp-image-949\" src=\"http:\/\/ttc-rieseberg-scheppau.de\/wp-content\/uploads\/2024\/12\/Wandertag-2025.png\" alt=\"\" width=\"614\" height=\"852\" srcset=\"http:\/\/ttc-rieseberg-scheppau.de\/wp-content\/uploads\/2024\/12\/Wandertag-2025.png 614w, http:\/\/ttc-rieseberg-scheppau.de\/wp-content\/uploads\/2024\/12\/Wandertag-2025-216x300.png 216w, http:\/\/ttc-rieseberg-scheppau.de\/wp-content\/uploads\/2024\/12\/Wandertag-2025-1x1.png 1w\" sizes=\"auto, (max-width: 614px) 100vw, 614px\" \/><\/p>\n<p><strong>Wandertag 2024<\/strong><br \/>\n<img loading=\"lazy\" decoding=\"async\" class=\"alignnone size-full wp-image-846\" src=\"http:\/\/ttc-rieseberg-scheppau.de\/wp-content\/uploads\/2023\/12\/Wandertag-2024.png\" alt=\"\" width=\"622\" height=\"877\" srcset=\"http:\/\/ttc-rieseberg-scheppau.de\/wp-content\/uploads\/2023\/12\/Wandertag-2024.png 622w, http:\/\/ttc-rieseberg-scheppau.de\/wp-content\/uploads\/2023\/12\/Wandertag-2024-213x300.png 213w, http:\/\/ttc-rieseberg-scheppau.de\/wp-content\/uploads\/2023\/12\/Wandertag-2024-1x1.png 1w\" sizes=\"auto, (max-width: 622px) 100vw, 622px\" \/><\/p>\n<p>Ein neues Jahrzehnt ist angebrochen und es wird trotzdem am ersten Sonntag wieder gewandert.<br \/>\nIn diesem Jahr war der Sportverein dran.<br \/>\nCa. 45 Mitwanderer haben Carsten Kletzarts Ansprache gelauscht und schon sollten wir dem Ortsvorsteher Lothar Fehse folgen.<br \/>\nDa es ein neues Jahrzehnt ist musste auch einmal eine Richtungs\u00e4nderung her. Auf ging es\u00a0 den Kirchwinkel runter durch die kleine Gasse \u00fcber die Br\u00fccke und in den Sundern hinein.<br \/>\nDieser wurde komplett durchquert und als Boimstorf in Sicht war bogen wir am Waldrand nach rechts ab zu der Stra\u00dfe die von Rieseberg nach Boimstorf f\u00fchrt. Diese flux \u00fcberquert und schon ging es die Waldwege entlang \u00fcber Stock und Wiesen unter der A2 hindurch und wieder \u00fcber eine Wiese.<br \/>\nEndlich war auch der Proviantwagen zu sehen wo Gerry und Sonja mit Gl\u00fchwein, Tee, Sekt, Wasser, \u00a0Kekse und Bier\u00a0 auf uns warteten. Nach dieser Pause ging es weiter \u00fcber die Stra\u00dfe die nach Glentorf f\u00fchrt den Waldweg entlang Richtung Boimstorf wo wir am Sportplatz Boimstorf raus kamen. Vom Sportplatz ging es direkt Richtung Kirche wo eine kleine Gasse in den Sundern f\u00fchrt.<\/p>\n<p>Diesen Weg also wieder zur\u00fcck Richtung Rieseberg. Die Erbsensuppe von Detlef in Gedanken hat die letzten Kr\u00e4fte mobilisiert und schon waren wir im Feuerwehr Ger\u00e4tehaus wo wir uns die Suppe schmecken lassen haben.<\/p>\n<div class=\"pvc_clear\"><\/div>\n<p id=\"pvc_stats_199\" class=\"pvc_stats all  \" data-element-id=\"199\" style=\"\"><i class=\"pvc-stats-icon medium\" aria-hidden=\"true\"><svg aria-hidden=\"true\" focusable=\"false\" data-prefix=\"far\" data-icon=\"chart-bar\" role=\"img\" xmlns=\"http:\/\/www.w3.org\/2000\/svg\" viewBox=\"0 0 512 512\" class=\"svg-inline--fa fa-chart-bar fa-w-16 fa-2x\"><path fill=\"currentColor\" d=\"M396.8 352h22.4c6.4 0 12.8-6.4 12.8-12.8V108.8c0-6.4-6.4-12.8-12.8-12.8h-22.4c-6.4 0-12.8 6.4-12.8 12.8v230.4c0 6.4 6.4 12.8 12.8 12.8zm-192 0h22.4c6.4 0 12.8-6.4 12.8-12.8V140.8c0-6.4-6.4-12.8-12.8-12.8h-22.4c-6.4 0-12.8 6.4-12.8 12.8v198.4c0 6.4 6.4 12.8 12.8 12.8zm96 0h22.4c6.4 0 12.8-6.4 12.8-12.8V204.8c0-6.4-6.4-12.8-12.8-12.8h-22.4c-6.4 0-12.8 6.4-12.8 12.8v134.4c0 6.4 6.4 12.8 12.8 12.8zM496 400H48V80c0-8.84-7.16-16-16-16H16C7.16 64 0 71.16 0 80v336c0 17.67 14.33 32 32 32h464c8.84 0 16-7.16 16-16v-16c0-8.84-7.16-16-16-16zm-387.2-48h22.4c6.4 0 12.8-6.4 12.8-12.8v-70.4c0-6.4-6.4-12.8-12.8-12.8h-22.4c-6.4 0-12.8 6.4-12.8 12.8v70.4c0 6.4 6.4 12.8 12.8 12.8z\" class=\"\"><\/path><\/svg><\/i> <img loading=\"lazy\" decoding=\"async\" width=\"16\" height=\"16\" alt=\"Loading\" src=\"http:\/\/ttc-rieseberg-scheppau.de\/wp-content\/plugins\/page-views-count\/ajax-loader-2x.gif\" border=0 \/><\/p>\n<div class=\"pvc_clear\"><\/div>\n","protected":false},"excerpt":{"rendered":"<p>Wandertag 2025 Wandertag 2024 Ein neues Jahrzehnt ist angebrochen und es wird trotzdem am ersten Sonntag wieder gewandert. In diesem Jahr war der Sportverein dran. Ca. 45 Mitwanderer haben Carsten Kletzarts Ansprache gelauscht und schon sollten wir dem Ortsvorsteher Lothar Fehse folgen. Da es ein neues Jahrzehnt ist musste auch einmal eine Richtungs\u00e4nderung her. Auf [&hellip;]<\/p>\n<div class=\"pvc_clear\"><\/div>\n<p id=\"pvc_stats_199\" class=\"pvc_stats all  \" data-element-id=\"199\" style=\"\"><i class=\"pvc-stats-icon medium\" aria-hidden=\"true\"><svg aria-hidden=\"true\" focusable=\"false\" data-prefix=\"far\" data-icon=\"chart-bar\" role=\"img\" xmlns=\"http:\/\/www.w3.org\/2000\/svg\" viewBox=\"0 0 512 512\" class=\"svg-inline--fa fa-chart-bar fa-w-16 fa-2x\"><path fill=\"currentColor\" d=\"M396.8 352h22.4c6.4 0 12.8-6.4 12.8-12.8V108.8c0-6.4-6.4-12.8-12.8-12.8h-22.4c-6.4 0-12.8 6.4-12.8 12.8v230.4c0 6.4 6.4 12.8 12.8 12.8zm-192 0h22.4c6.4 0 12.8-6.4 12.8-12.8V140.8c0-6.4-6.4-12.8-12.8-12.8h-22.4c-6.4 0-12.8 6.4-12.8 12.8v198.4c0 6.4 6.4 12.8 12.8 12.8zm96 0h22.4c6.4 0 12.8-6.4 12.8-12.8V204.8c0-6.4-6.4-12.8-12.8-12.8h-22.4c-6.4 0-12.8 6.4-12.8 12.8v134.4c0 6.4 6.4 12.8 12.8 12.8zM496 400H48V80c0-8.84-7.16-16-16-16H16C7.16 64 0 71.16 0 80v336c0 17.67 14.33 32 32 32h464c8.84 0 16-7.16 16-16v-16c0-8.84-7.16-16-16-16zm-387.2-48h22.4c6.4 0 12.8-6.4 12.8-12.8v-70.4c0-6.4-6.4-12.8-12.8-12.8h-22.4c-6.4 0-12.8 6.4-12.8 12.8v70.4c0 6.4 6.4 12.8 12.8 12.8z\" class=\"\"><\/path><\/svg><\/i> <img loading=\"lazy\" decoding=\"async\" width=\"16\" height=\"16\" alt=\"Loading\" src=\"http:\/\/ttc-rieseberg-scheppau.de\/wp-content\/plugins\/page-views-count\/ajax-loader-2x.gif\" border=0 \/><\/p>\n<div class=\"pvc_clear\"><\/div>\n","protected":false},"author":1,"featured_media":0,"parent":0,"menu_order":0,"comment_status":"closed","ping_status":"closed","template":"","meta":{"footnotes":""},"class_list":["post-199","page","type-page","status-publish","hentry"],"_links":{"self":[{"href":"http:\/\/ttc-rieseberg-scheppau.de\/index.php?rest_route=\/wp\/v2\/pages\/199","targetHints":{"allow":["GET"]}}],"collection":[{"href":"http:\/\/ttc-rieseberg-scheppau.de\/index.php?rest_route=\/wp\/v2\/pages"}],"about":[{"href":"http:\/\/ttc-rieseberg-scheppau.de\/index.php?rest_route=\/wp\/v2\/types\/page"}],"author":[{"embeddable":true,"href":"http:\/\/ttc-rieseberg-scheppau.de\/index.php?rest_route=\/wp\/v2\/users\/1"}],"replies":[{"embeddable":true,"href":"http:\/\/ttc-rieseberg-scheppau.de\/index.php?rest_route=%2Fwp%2Fv2%2Fcomments&post=199"}],"version-history":[{"count":6,"href":"http:\/\/ttc-rieseberg-scheppau.de\/index.php?rest_route=\/wp\/v2\/pages\/199\/revisions"}],"predecessor-version":[{"id":951,"href":"http:\/\/ttc-rieseberg-scheppau.de\/index.php?rest_route=\/wp\/v2\/pages\/199\/revisions\/951"}],"wp:attachment":[{"href":"http:\/\/ttc-rieseberg-scheppau.de\/index.php?rest_route=%2Fwp%2Fv2%2Fmedia&parent=199"}],"curies":[{"name":"wp","href":"https:\/\/api.w.org\/{rel}","templated":true}]}}