{"id":307,"date":"2020-04-29T12:10:38","date_gmt":"2020-04-29T12:10:38","guid":{"rendered":"http:\/\/ttc-rieseberg-scheppau.de\/?page_id=307"},"modified":"2023-02-07T14:11:48","modified_gmt":"2023-02-07T14:11:48","slug":"ttc-rieseberg","status":"publish","type":"page","link":"http:\/\/ttc-rieseberg-scheppau.de\/?page_id=307","title":{"rendered":"TTC Rieseberg"},"content":{"rendered":"<h2><em><strong>!!! Wie geil ist das denn !!!<\/strong><\/em><\/h2>\n<p>In Zusammenarbeit mit fan12.de k\u00f6nnen wir euch nun auch einen Fanshop vom TTC Rieseberg Scheppau anbieten.<\/p>\n<p>Dort k\u00f6nnt ihr zu fanfreundlichen Preisen tolle Fanartikel, Accessoires, Geschenke f\u00fcr echte TTC Fans und vieles mehr&#8230; eures Lieblingsvereins erwerben und direkt zu euch nach Hause liefern lassen.<br \/>Unter der Rubrik &#8222;Teamausstattung&#8220; k\u00f6nnen Trikots, Sport &#8211; sowie Laufhosen, Jacken etc.\u00a0 f\u00fcr die\u00a0aktiven Mitglieder (Fitnesssport, Tischtennisspieler,&#8230;) geshoppt werden. Gutscheine zum Verschenken gibt es auch.<\/p>\n<p>Viel Spa\u00df beim st\u00f6bern. shoppen und verschenken.<\/p>\n<p>\u00dcber eurer Feedback und Anregungen zu dem Shop w\u00fcrden wir uns freuen.<\/p>\n\n\n<figure class=\"wp-block-image size-full is-resized is-style-default\"><a href=\"https:\/\/ttc-rieseberg-scheppau.fan12.de\/\" target=\"_blank\" rel=\"noopener\"><img loading=\"lazy\" decoding=\"async\" src=\"http:\/\/ttc-rieseberg-scheppau.de\/wp-content\/uploads\/2023\/02\/marketing-teaser-350x250-1.jpg\" alt=\"\" class=\"wp-image-720\" width=\"838\" height=\"599\" srcset=\"http:\/\/ttc-rieseberg-scheppau.de\/wp-content\/uploads\/2023\/02\/marketing-teaser-350x250-1.jpg 700w, http:\/\/ttc-rieseberg-scheppau.de\/wp-content\/uploads\/2023\/02\/marketing-teaser-350x250-1-300x214.jpg 300w, http:\/\/ttc-rieseberg-scheppau.de\/wp-content\/uploads\/2023\/02\/marketing-teaser-350x250-1-1x1.jpg 1w\" sizes=\"auto, (max-width: 838px) 100vw, 838px\" \/><\/a><\/figure>\n<div class=\"pvc_clear\"><\/div><p id=\"pvc_stats_307\" class=\"pvc_stats all  \" data-element-id=\"307\" style=\"\"><i class=\"pvc-stats-icon medium\" aria-hidden=\"true\"><svg aria-hidden=\"true\" focusable=\"false\" data-prefix=\"far\" data-icon=\"chart-bar\" role=\"img\" xmlns=\"http:\/\/www.w3.org\/2000\/svg\" viewBox=\"0 0 512 512\" class=\"svg-inline--fa fa-chart-bar fa-w-16 fa-2x\"><path fill=\"currentColor\" d=\"M396.8 352h22.4c6.4 0 12.8-6.4 12.8-12.8V108.8c0-6.4-6.4-12.8-12.8-12.8h-22.4c-6.4 0-12.8 6.4-12.8 12.8v230.4c0 6.4 6.4 12.8 12.8 12.8zm-192 0h22.4c6.4 0 12.8-6.4 12.8-12.8V140.8c0-6.4-6.4-12.8-12.8-12.8h-22.4c-6.4 0-12.8 6.4-12.8 12.8v198.4c0 6.4 6.4 12.8 12.8 12.8zm96 0h22.4c6.4 0 12.8-6.4 12.8-12.8V204.8c0-6.4-6.4-12.8-12.8-12.8h-22.4c-6.4 0-12.8 6.4-12.8 12.8v134.4c0 6.4 6.4 12.8 12.8 12.8zM496 400H48V80c0-8.84-7.16-16-16-16H16C7.16 64 0 71.16 0 80v336c0 17.67 14.33 32 32 32h464c8.84 0 16-7.16 16-16v-16c0-8.84-7.16-16-16-16zm-387.2-48h22.4c6.4 0 12.8-6.4 12.8-12.8v-70.4c0-6.4-6.4-12.8-12.8-12.8h-22.4c-6.4 0-12.8 6.4-12.8 12.8v70.4c0 6.4 6.4 12.8 12.8 12.8z\" class=\"\"><\/path><\/svg><\/i> <img loading=\"lazy\" decoding=\"async\" width=\"16\" height=\"16\" alt=\"Loading\" src=\"http:\/\/ttc-rieseberg-scheppau.de\/wp-content\/plugins\/page-views-count\/ajax-loader-2x.gif\" border=0 \/><\/p><div class=\"pvc_clear\"><\/div>","protected":false},"excerpt":{"rendered":"<p>!!! Wie geil ist das denn !!! In Zusammenarbeit mit fan12.de k\u00f6nnen wir euch nun auch einen Fanshop vom TTC Rieseberg Scheppau anbieten. Dort k\u00f6nnt ihr zu fanfreundlichen Preisen tolle Fanartikel, Accessoires, Geschenke f\u00fcr echte TTC Fans und vieles mehr&#8230; eures Lieblingsvereins erwerben und direkt zu euch nach Hause liefern lassen.Unter der Rubrik &#8222;Teamausstattung&#8220; k\u00f6nnen [&hellip;]<\/p>\n<div class=\"pvc_clear\"><\/div>\n<p id=\"pvc_stats_307\" class=\"pvc_stats all  \" data-element-id=\"307\" style=\"\"><i class=\"pvc-stats-icon medium\" aria-hidden=\"true\"><svg aria-hidden=\"true\" focusable=\"false\" data-prefix=\"far\" data-icon=\"chart-bar\" role=\"img\" xmlns=\"http:\/\/www.w3.org\/2000\/svg\" viewBox=\"0 0 512 512\" class=\"svg-inline--fa fa-chart-bar fa-w-16 fa-2x\"><path fill=\"currentColor\" d=\"M396.8 352h22.4c6.4 0 12.8-6.4 12.8-12.8V108.8c0-6.4-6.4-12.8-12.8-12.8h-22.4c-6.4 0-12.8 6.4-12.8 12.8v230.4c0 6.4 6.4 12.8 12.8 12.8zm-192 0h22.4c6.4 0 12.8-6.4 12.8-12.8V140.8c0-6.4-6.4-12.8-12.8-12.8h-22.4c-6.4 0-12.8 6.4-12.8 12.8v198.4c0 6.4 6.4 12.8 12.8 12.8zm96 0h22.4c6.4 0 12.8-6.4 12.8-12.8V204.8c0-6.4-6.4-12.8-12.8-12.8h-22.4c-6.4 0-12.8 6.4-12.8 12.8v134.4c0 6.4 6.4 12.8 12.8 12.8zM496 400H48V80c0-8.84-7.16-16-16-16H16C7.16 64 0 71.16 0 80v336c0 17.67 14.33 32 32 32h464c8.84 0 16-7.16 16-16v-16c0-8.84-7.16-16-16-16zm-387.2-48h22.4c6.4 0 12.8-6.4 12.8-12.8v-70.4c0-6.4-6.4-12.8-12.8-12.8h-22.4c-6.4 0-12.8 6.4-12.8 12.8v70.4c0 6.4 6.4 12.8 12.8 12.8z\" class=\"\"><\/path><\/svg><\/i> <img loading=\"lazy\" decoding=\"async\" width=\"16\" height=\"16\" alt=\"Loading\" src=\"http:\/\/ttc-rieseberg-scheppau.de\/wp-content\/plugins\/page-views-count\/ajax-loader-2x.gif\" border=0 \/><\/p>\n<div class=\"pvc_clear\"><\/div>\n","protected":false},"author":1,"featured_media":0,"parent":0,"menu_order":0,"comment_status":"closed","ping_status":"closed","template":"","meta":{"footnotes":""},"class_list":["post-307","page","type-page","status-publish","hentry"],"_links":{"self":[{"href":"http:\/\/ttc-rieseberg-scheppau.de\/index.php?rest_route=\/wp\/v2\/pages\/307","targetHints":{"allow":["GET"]}}],"collection":[{"href":"http:\/\/ttc-rieseberg-scheppau.de\/index.php?rest_route=\/wp\/v2\/pages"}],"about":[{"href":"http:\/\/ttc-rieseberg-scheppau.de\/index.php?rest_route=\/wp\/v2\/types\/page"}],"author":[{"embeddable":true,"href":"http:\/\/ttc-rieseberg-scheppau.de\/index.php?rest_route=\/wp\/v2\/users\/1"}],"replies":[{"embeddable":true,"href":"http:\/\/ttc-rieseberg-scheppau.de\/index.php?rest_route=%2Fwp%2Fv2%2Fcomments&post=307"}],"version-history":[{"count":4,"href":"http:\/\/ttc-rieseberg-scheppau.de\/index.php?rest_route=\/wp\/v2\/pages\/307\/revisions"}],"predecessor-version":[{"id":721,"href":"http:\/\/ttc-rieseberg-scheppau.de\/index.php?rest_route=\/wp\/v2\/pages\/307\/revisions\/721"}],"wp:attachment":[{"href":"http:\/\/ttc-rieseberg-scheppau.de\/index.php?rest_route=%2Fwp%2Fv2%2Fmedia&parent=307"}],"curies":[{"name":"wp","href":"https:\/\/api.w.org\/{rel}","templated":true}]}}