{"id":77,"date":"2020-01-28T06:10:54","date_gmt":"2020-01-28T06:10:54","guid":{"rendered":"http:\/\/ttc-rieseberg-scheppau.de\/?page_id=77"},"modified":"2026-01-26T07:35:39","modified_gmt":"2026-01-26T07:35:39","slug":"fitness","status":"publish","type":"page","link":"http:\/\/ttc-rieseberg-scheppau.de\/?page_id=77","title":{"rendered":"Fitness"},"content":{"rendered":"\r\n<figure class=\"wp-block-image size-large is-style-default\">\u00a0<\/figure>\r\n<p><img loading=\"lazy\" decoding=\"async\" class=\"alignnone size-full wp-image-1008\" src=\"http:\/\/ttc-rieseberg-scheppau.de\/wp-content\/uploads\/2026\/01\/Kursplan-ab-Januar-26-SG-Sundern-Fitness.png\" alt=\"\" width=\"888\" height=\"728\" srcset=\"http:\/\/ttc-rieseberg-scheppau.de\/wp-content\/uploads\/2026\/01\/Kursplan-ab-Januar-26-SG-Sundern-Fitness.png 888w, http:\/\/ttc-rieseberg-scheppau.de\/wp-content\/uploads\/2026\/01\/Kursplan-ab-Januar-26-SG-Sundern-Fitness-300x246.png 300w, http:\/\/ttc-rieseberg-scheppau.de\/wp-content\/uploads\/2026\/01\/Kursplan-ab-Januar-26-SG-Sundern-Fitness-768x630.png 768w, http:\/\/ttc-rieseberg-scheppau.de\/wp-content\/uploads\/2026\/01\/Kursplan-ab-Januar-26-SG-Sundern-Fitness-1x1.png 1w\" sizes=\"auto, (max-width: 888px) 100vw, 888px\" \/><\/p>\r\n<p><a href=\"http:\/\/ttc-rieseberg-scheppau.de\/wp-content\/uploads\/2026\/01\/Kursplan-ab-Januar-2026.pdf\">Kursplan ab Januar 2026<\/a><\/p>\r\n<figure class=\"wp-block-image size-large is-style-default\">Unsere Fitnesssparte erfreut sich auch immer gr\u00f6\u00dferer Beliebtheit und regem Zuwachs. Unsere engagierten und ausgebildeten \u00dcbungsleiter*innen sind wahre Experten um Frau (aber auch Mann) ins Schwitzen zu bringen. Sei es beim Auf und Ab auf den Stepbrettern, nach rhythmischen Kl\u00e4ngen beim Zumba oder im BBP- Kurs- hier ist f\u00fcr jeden etwas dabei. Seid neustem k\u00f6nnen wir auch Hula Hoop Kurse anbieten. F\u00fcr die ganz kleinen ist neben Bewegungssport in Turnhallen oder auf dem Sportplatz auch ein Kindertanzen im Programm. Ab Januar 24 kann man auch zusammen eine Runde durch unsere sch\u00f6ne Landschaft walken.<\/figure>\r\n<p>Kommt gerne zum Probetraining vorbei. Wir freuen uns auf euch<\/p>\r\n<ul>\r\n<li>\u00a0Fitnesssport\r\n<ul>\r\n<li>Spartenleiterin: Anja Kammel<\/li>\r\n<li>0172 9083746<br \/><img loading=\"lazy\" decoding=\"async\" class=\"alignnone  wp-image-860\" src=\"http:\/\/ttc-rieseberg-scheppau.de\/wp-content\/uploads\/2024\/01\/Logo-Fitness.jpg\" alt=\"\" width=\"378\" height=\"378\" srcset=\"http:\/\/ttc-rieseberg-scheppau.de\/wp-content\/uploads\/2024\/01\/Logo-Fitness.jpg 500w, http:\/\/ttc-rieseberg-scheppau.de\/wp-content\/uploads\/2024\/01\/Logo-Fitness-300x300.jpg 300w, http:\/\/ttc-rieseberg-scheppau.de\/wp-content\/uploads\/2024\/01\/Logo-Fitness-150x150.jpg 150w, http:\/\/ttc-rieseberg-scheppau.de\/wp-content\/uploads\/2024\/01\/Logo-Fitness-1x1.jpg 1w\" sizes=\"auto, (max-width: 378px) 100vw, 378px\" \/><\/li>\r\n<\/ul>\r\n<\/li>\r\n<\/ul><div class=\"pvc_clear\"><\/div><p id=\"pvc_stats_77\" class=\"pvc_stats all  \" data-element-id=\"77\" style=\"\"><i class=\"pvc-stats-icon medium\" aria-hidden=\"true\"><svg aria-hidden=\"true\" focusable=\"false\" data-prefix=\"far\" data-icon=\"chart-bar\" role=\"img\" xmlns=\"http:\/\/www.w3.org\/2000\/svg\" viewBox=\"0 0 512 512\" class=\"svg-inline--fa fa-chart-bar fa-w-16 fa-2x\"><path fill=\"currentColor\" d=\"M396.8 352h22.4c6.4 0 12.8-6.4 12.8-12.8V108.8c0-6.4-6.4-12.8-12.8-12.8h-22.4c-6.4 0-12.8 6.4-12.8 12.8v230.4c0 6.4 6.4 12.8 12.8 12.8zm-192 0h22.4c6.4 0 12.8-6.4 12.8-12.8V140.8c0-6.4-6.4-12.8-12.8-12.8h-22.4c-6.4 0-12.8 6.4-12.8 12.8v198.4c0 6.4 6.4 12.8 12.8 12.8zm96 0h22.4c6.4 0 12.8-6.4 12.8-12.8V204.8c0-6.4-6.4-12.8-12.8-12.8h-22.4c-6.4 0-12.8 6.4-12.8 12.8v134.4c0 6.4 6.4 12.8 12.8 12.8zM496 400H48V80c0-8.84-7.16-16-16-16H16C7.16 64 0 71.16 0 80v336c0 17.67 14.33 32 32 32h464c8.84 0 16-7.16 16-16v-16c0-8.84-7.16-16-16-16zm-387.2-48h22.4c6.4 0 12.8-6.4 12.8-12.8v-70.4c0-6.4-6.4-12.8-12.8-12.8h-22.4c-6.4 0-12.8 6.4-12.8 12.8v70.4c0 6.4 6.4 12.8 12.8 12.8z\" class=\"\"><\/path><\/svg><\/i> <img loading=\"lazy\" decoding=\"async\" width=\"16\" height=\"16\" alt=\"Loading\" src=\"http:\/\/ttc-rieseberg-scheppau.de\/wp-content\/plugins\/page-views-count\/ajax-loader-2x.gif\" border=0 \/><\/p><div class=\"pvc_clear\"><\/div>","protected":false},"excerpt":{"rendered":"<div class=\"pvc_clear\"><\/div>\n<p id=\"pvc_stats_77\" class=\"pvc_stats all  \" data-element-id=\"77\" style=\"\"><i class=\"pvc-stats-icon medium\" aria-hidden=\"true\"><svg aria-hidden=\"true\" focusable=\"false\" data-prefix=\"far\" data-icon=\"chart-bar\" role=\"img\" xmlns=\"http:\/\/www.w3.org\/2000\/svg\" viewBox=\"0 0 512 512\" class=\"svg-inline--fa fa-chart-bar fa-w-16 fa-2x\"><path fill=\"currentColor\" d=\"M396.8 352h22.4c6.4 0 12.8-6.4 12.8-12.8V108.8c0-6.4-6.4-12.8-12.8-12.8h-22.4c-6.4 0-12.8 6.4-12.8 12.8v230.4c0 6.4 6.4 12.8 12.8 12.8zm-192 0h22.4c6.4 0 12.8-6.4 12.8-12.8V140.8c0-6.4-6.4-12.8-12.8-12.8h-22.4c-6.4 0-12.8 6.4-12.8 12.8v198.4c0 6.4 6.4 12.8 12.8 12.8zm96 0h22.4c6.4 0 12.8-6.4 12.8-12.8V204.8c0-6.4-6.4-12.8-12.8-12.8h-22.4c-6.4 0-12.8 6.4-12.8 12.8v134.4c0 6.4 6.4 12.8 12.8 12.8zM496 400H48V80c0-8.84-7.16-16-16-16H16C7.16 64 0 71.16 0 80v336c0 17.67 14.33 32 32 32h464c8.84 0 16-7.16 16-16v-16c0-8.84-7.16-16-16-16zm-387.2-48h22.4c6.4 0 12.8-6.4 12.8-12.8v-70.4c0-6.4-6.4-12.8-12.8-12.8h-22.4c-6.4 0-12.8 6.4-12.8 12.8v70.4c0 6.4 6.4 12.8 12.8 12.8z\" class=\"\"><\/path><\/svg><\/i> <img loading=\"lazy\" decoding=\"async\" width=\"16\" height=\"16\" alt=\"Loading\" src=\"http:\/\/ttc-rieseberg-scheppau.de\/wp-content\/plugins\/page-views-count\/ajax-loader-2x.gif\" border=0 \/><\/p>\n<div class=\"pvc_clear\"><\/div>\n","protected":false},"author":1,"featured_media":74,"parent":0,"menu_order":0,"comment_status":"closed","ping_status":"closed","template":"","meta":{"footnotes":""},"class_list":["post-77","page","type-page","status-publish","has-post-thumbnail","hentry"],"_links":{"self":[{"href":"http:\/\/ttc-rieseberg-scheppau.de\/index.php?rest_route=\/wp\/v2\/pages\/77","targetHints":{"allow":["GET"]}}],"collection":[{"href":"http:\/\/ttc-rieseberg-scheppau.de\/index.php?rest_route=\/wp\/v2\/pages"}],"about":[{"href":"http:\/\/ttc-rieseberg-scheppau.de\/index.php?rest_route=\/wp\/v2\/types\/page"}],"author":[{"embeddable":true,"href":"http:\/\/ttc-rieseberg-scheppau.de\/index.php?rest_route=\/wp\/v2\/users\/1"}],"replies":[{"embeddable":true,"href":"http:\/\/ttc-rieseberg-scheppau.de\/index.php?rest_route=%2Fwp%2Fv2%2Fcomments&post=77"}],"version-history":[{"count":28,"href":"http:\/\/ttc-rieseberg-scheppau.de\/index.php?rest_route=\/wp\/v2\/pages\/77\/revisions"}],"predecessor-version":[{"id":1010,"href":"http:\/\/ttc-rieseberg-scheppau.de\/index.php?rest_route=\/wp\/v2\/pages\/77\/revisions\/1010"}],"wp:featuredmedia":[{"embeddable":true,"href":"http:\/\/ttc-rieseberg-scheppau.de\/index.php?rest_route=\/wp\/v2\/media\/74"}],"wp:attachment":[{"href":"http:\/\/ttc-rieseberg-scheppau.de\/index.php?rest_route=%2Fwp%2Fv2%2Fmedia&parent=77"}],"curies":[{"name":"wp","href":"https:\/\/api.w.org\/{rel}","templated":true}]}}